{"id":93,"date":"2025-08-27T11:30:26","date_gmt":"2025-08-27T11:30:26","guid":{"rendered":"https:\/\/laerke-reden.dk\/?page_id=93"},"modified":"2025-08-28T11:27:57","modified_gmt":"2025-08-28T11:27:57","slug":"boerneyoga-2","status":"publish","type":"page","link":"http:\/\/laerke-reden.dk\/index.php\/boerneyoga-2\/","title":{"rendered":"B\u00f8rneyoga"},"content":{"rendered":"\n<p>Vores guldklumper &#8211; alle er unikke og skal tilbydes det bedste<\/p>\n\n\n\n<p id=\"wnd_TextBlock_503828_inner_0\">Jeg l\u00e6gger stor v\u00e6gt p\u00e5, at se alle b\u00f8rns forskelligheder og anerkende dem.&nbsp; Derfor inddrager jeg ogs\u00e5 b\u00f8rneyoga i vores hverdag.<\/p>\n\n\n\n<p id=\"wnd_TextBlock_503828_inner_1\"><strong>Hvad er b\u00f8rneyoga:<\/strong><\/p>\n\n\n\n<p id=\"wnd_TextBlock_503828_inner_2\">B\u00f8rneyoga er meget forskelligt fra voksen yoga. Vi kombinerer klassiske yogastillinger med leg, eventyr og samarbejde. B\u00f8rneyoga udstiller ikke nogen, og giver b\u00f8rnene selvsikkerhed ved at lade dem v\u00e6re medbestemmende i legen. Vi leger det ind i hverdagen, eller som en leg p\u00e5 gulvet. Udover den legende del bruger vi ogs\u00e5 vejrtr\u00e6kningen til at l\u00e6re at v\u00e6re til stede her og nu.<\/p>\n\n\n\n<p id=\"wnd_TextBlock_503828_inner_3\"><strong>B\u00f8rneyoga styrker en sund kultur hos b\u00f8rn:<\/strong><\/p>\n\n\n\n<p id=\"wnd_TextBlock_503828_inner_4\">o Vigtig for muskeltonus, balancesancen stimuleres (vestibul\u00e6r sansen, labyrintsansen), have det godt med gynge, vugge, k\u00f8re, sejle, orientere sig i forhold til rotation og skifte i hastigheder &#8211; kunne navigere f.eks. i en tumleleg osv<\/p>\n\n\n\n<p id=\"wnd_TextBlock_503828_inner_5\">o Brug af rytmik og gentagende remser fremmer den sproglige udvikling og skaber grundlag for senere indl\u00e6ring<\/p>\n\n\n\n<p id=\"wnd_TextBlock_503828_inner_6\">o Grundl\u00e6ggende god kropsbevidsthed -Giver tro p\u00e5 sig selv&nbsp;<\/p>\n\n\n\n<p id=\"wnd_TextBlock_503828_inner_7\">o Styrker empati og medf\u00f8lelse for andre<\/p>\n\n\n\n<p id=\"wnd_TextBlock_503828_inner_8\">Jeg er meget positiv af natur, og min tilgang til b\u00f8rnene er rolig, glad og smilende<\/p>\n","protected":false},"excerpt":{"rendered":"<p>Vores guldklumper &#8211; alle er unikke og skal tilbydes det bedste Jeg l\u00e6gger stor v\u00e6gt p\u00e5, at se alle b\u00f8rns forskelligheder og anerkende dem.&nbsp; Derfor inddrager jeg ogs\u00e5 b\u00f8rneyoga i vores hverdag. Hvad er b\u00f8rneyoga: B\u00f8rneyoga er meget forskelligt fra voksen yoga. Vi kombinerer klassiske yogastillinger med leg, eventyr og samarbejde. B\u00f8rneyoga udstiller ikke nogen, &hellip; <\/p>\n<p class=\"link-more\"><a href=\"http:\/\/laerke-reden.dk\/index.php\/boerneyoga-2\/\" class=\"more-link\">L\u00e6s videre<span class=\"screen-reader-text\"> &#8220;B\u00f8rneyoga&#8221;<\/span><\/a><\/p>\n","protected":false},"author":1,"featured_media":0,"parent":0,"menu_order":0,"comment_status":"closed","ping_status":"closed","template":"","meta":{"footnotes":""},"class_list":["post-93","page","type-page","status-publish","hentry"],"yoast_head":"<!-- This site is optimized with the Yoast SEO plugin v27.1.1 - https:\/\/yoast.com\/product\/yoast-seo-wordpress\/ -->\n<title>B\u00f8rneyoga - L&aelig;rkereden<\/title>\n<meta name=\"robots\" content=\"index, follow, max-snippet:-1, max-image-preview:large, max-video-preview:-1\" \/>\n<link rel=\"canonical\" href=\"https:\/\/laerke-reden.dk\/index.php\/boerneyoga-2\/\" \/>\n<meta property=\"og:locale\" content=\"da_DK\" \/>\n<meta property=\"og:type\" content=\"article\" \/>\n<meta property=\"og:title\" content=\"B\u00f8rneyoga - L&aelig;rkereden\" \/>\n<meta property=\"og:description\" content=\"Vores guldklumper &#8211; alle er unikke og skal tilbydes det bedste Jeg l\u00e6gger stor v\u00e6gt p\u00e5, at se alle b\u00f8rns forskelligheder og anerkende dem.&nbsp; Derfor inddrager jeg ogs\u00e5 b\u00f8rneyoga i vores hverdag. Hvad er b\u00f8rneyoga: B\u00f8rneyoga er meget forskelligt fra voksen yoga. Vi kombinerer klassiske yogastillinger med leg, eventyr og samarbejde. B\u00f8rneyoga udstiller ikke nogen, &hellip; L\u00e6s videre &quot;B\u00f8rneyoga&quot;\" \/>\n<meta property=\"og:url\" content=\"https:\/\/laerke-reden.dk\/index.php\/boerneyoga-2\/\" \/>\n<meta property=\"og:site_name\" content=\"L&aelig;rkereden\" \/>\n<meta property=\"article:modified_time\" content=\"2025-08-28T11:27:57+00:00\" \/>\n<meta name=\"twitter:card\" content=\"summary_large_image\" \/>\n<meta name=\"twitter:label1\" content=\"Estimeret l\u00e6setid\" \/>\n\t<meta name=\"twitter:data1\" content=\"1 minut\" \/>\n<script type=\"application\/ld+json\" class=\"yoast-schema-graph\">{\"@context\":\"https:\/\/schema.org\",\"@graph\":[{\"@type\":\"WebPage\",\"@id\":\"https:\/\/laerke-reden.dk\/index.php\/boerneyoga-2\/\",\"url\":\"https:\/\/laerke-reden.dk\/index.php\/boerneyoga-2\/\",\"name\":\"B\u00f8rneyoga - L&aelig;rkereden\",\"isPartOf\":{\"@id\":\"http:\/\/laerke-reden.dk\/#website\"},\"datePublished\":\"2025-08-27T11:30:26+00:00\",\"dateModified\":\"2025-08-28T11:27:57+00:00\",\"breadcrumb\":{\"@id\":\"https:\/\/laerke-reden.dk\/index.php\/boerneyoga-2\/#breadcrumb\"},\"inLanguage\":\"da-DK\",\"potentialAction\":[{\"@type\":\"ReadAction\",\"target\":[\"https:\/\/laerke-reden.dk\/index.php\/boerneyoga-2\/\"]}]},{\"@type\":\"BreadcrumbList\",\"@id\":\"https:\/\/laerke-reden.dk\/index.php\/boerneyoga-2\/#breadcrumb\",\"itemListElement\":[{\"@type\":\"ListItem\",\"position\":1,\"name\":\"Hjem\",\"item\":\"http:\/\/laerke-reden.dk\/\"},{\"@type\":\"ListItem\",\"position\":2,\"name\":\"B\u00f8rneyoga\"}]},{\"@type\":\"WebSite\",\"@id\":\"http:\/\/laerke-reden.dk\/#website\",\"url\":\"http:\/\/laerke-reden.dk\/\",\"name\":\"L&aelig;rkereden\",\"description\":\"\",\"potentialAction\":[{\"@type\":\"SearchAction\",\"target\":{\"@type\":\"EntryPoint\",\"urlTemplate\":\"http:\/\/laerke-reden.dk\/?s={search_term_string}\"},\"query-input\":{\"@type\":\"PropertyValueSpecification\",\"valueRequired\":true,\"valueName\":\"search_term_string\"}}],\"inLanguage\":\"da-DK\"}]}<\/script>\n<!-- \/ Yoast SEO plugin. -->","yoast_head_json":{"title":"B\u00f8rneyoga - L&aelig;rkereden","robots":{"index":"index","follow":"follow","max-snippet":"max-snippet:-1","max-image-preview":"max-image-preview:large","max-video-preview":"max-video-preview:-1"},"canonical":"https:\/\/laerke-reden.dk\/index.php\/boerneyoga-2\/","og_locale":"da_DK","og_type":"article","og_title":"B\u00f8rneyoga - L&aelig;rkereden","og_description":"Vores guldklumper &#8211; alle er unikke og skal tilbydes det bedste Jeg l\u00e6gger stor v\u00e6gt p\u00e5, at se alle b\u00f8rns forskelligheder og anerkende dem.&nbsp; Derfor inddrager jeg ogs\u00e5 b\u00f8rneyoga i vores hverdag. Hvad er b\u00f8rneyoga: B\u00f8rneyoga er meget forskelligt fra voksen yoga. Vi kombinerer klassiske yogastillinger med leg, eventyr og samarbejde. B\u00f8rneyoga udstiller ikke nogen, &hellip; L\u00e6s videre \"B\u00f8rneyoga\"","og_url":"https:\/\/laerke-reden.dk\/index.php\/boerneyoga-2\/","og_site_name":"L&aelig;rkereden","article_modified_time":"2025-08-28T11:27:57+00:00","twitter_card":"summary_large_image","twitter_misc":{"Estimeret l\u00e6setid":"1 minut"},"schema":{"@context":"https:\/\/schema.org","@graph":[{"@type":"WebPage","@id":"https:\/\/laerke-reden.dk\/index.php\/boerneyoga-2\/","url":"https:\/\/laerke-reden.dk\/index.php\/boerneyoga-2\/","name":"B\u00f8rneyoga - L&aelig;rkereden","isPartOf":{"@id":"http:\/\/laerke-reden.dk\/#website"},"datePublished":"2025-08-27T11:30:26+00:00","dateModified":"2025-08-28T11:27:57+00:00","breadcrumb":{"@id":"https:\/\/laerke-reden.dk\/index.php\/boerneyoga-2\/#breadcrumb"},"inLanguage":"da-DK","potentialAction":[{"@type":"ReadAction","target":["https:\/\/laerke-reden.dk\/index.php\/boerneyoga-2\/"]}]},{"@type":"BreadcrumbList","@id":"https:\/\/laerke-reden.dk\/index.php\/boerneyoga-2\/#breadcrumb","itemListElement":[{"@type":"ListItem","position":1,"name":"Hjem","item":"http:\/\/laerke-reden.dk\/"},{"@type":"ListItem","position":2,"name":"B\u00f8rneyoga"}]},{"@type":"WebSite","@id":"http:\/\/laerke-reden.dk\/#website","url":"http:\/\/laerke-reden.dk\/","name":"L&aelig;rkereden","description":"","potentialAction":[{"@type":"SearchAction","target":{"@type":"EntryPoint","urlTemplate":"http:\/\/laerke-reden.dk\/?s={search_term_string}"},"query-input":{"@type":"PropertyValueSpecification","valueRequired":true,"valueName":"search_term_string"}}],"inLanguage":"da-DK"}]}},"_links":{"self":[{"href":"http:\/\/laerke-reden.dk\/index.php\/wp-json\/wp\/v2\/pages\/93","targetHints":{"allow":["GET"]}}],"collection":[{"href":"http:\/\/laerke-reden.dk\/index.php\/wp-json\/wp\/v2\/pages"}],"about":[{"href":"http:\/\/laerke-reden.dk\/index.php\/wp-json\/wp\/v2\/types\/page"}],"author":[{"embeddable":true,"href":"http:\/\/laerke-reden.dk\/index.php\/wp-json\/wp\/v2\/users\/1"}],"replies":[{"embeddable":true,"href":"http:\/\/laerke-reden.dk\/index.php\/wp-json\/wp\/v2\/comments?post=93"}],"version-history":[{"count":2,"href":"http:\/\/laerke-reden.dk\/index.php\/wp-json\/wp\/v2\/pages\/93\/revisions"}],"predecessor-version":[{"id":124,"href":"http:\/\/laerke-reden.dk\/index.php\/wp-json\/wp\/v2\/pages\/93\/revisions\/124"}],"wp:attachment":[{"href":"http:\/\/laerke-reden.dk\/index.php\/wp-json\/wp\/v2\/media?parent=93"}],"curies":[{"name":"wp","href":"https:\/\/api.w.org\/{rel}","templated":true}]}}