{"id":23,"date":"2024-10-01T14:43:36","date_gmt":"2024-10-01T14:43:36","guid":{"rendered":"https:\/\/laerke-reden.dk\/?page_id=23"},"modified":"2025-09-01T11:28:46","modified_gmt":"2025-09-01T11:28:46","slug":"kontakt","status":"publish","type":"page","link":"https:\/\/laerke-reden.dk\/index.php\/kontakt\/","title":{"rendered":"Her er plads til jeres lille guldklump"},"content":{"rendered":"\n<h3 class=\"wp-block-heading\">Her er plads til jeres lille guldklump<\/h3>\n\n\n\n<p>Tid til fordybelse og plads til at v\u00e6re unik. Her er hjerterum<\/p>\n\n\n\n<h3 class=\"wp-block-heading\"><strong>Jeg er certificeret b\u00f8rneyogal\u00e6rer, og dette inddrages i vores hverdag.&nbsp;<\/strong><\/h3>\n\n\n\n<p><a href=\"https:\/\/laerke-reden.dk\/index.php\/boerneyoga\/\">L\u00e6s mere om B\u00f8rneyoga her<\/a><\/p>\n","protected":false},"excerpt":{"rendered":"<p>Her er plads til jeres lille guldklump Tid til fordybelse og plads til at v\u00e6re unik. Her er hjerterum Jeg er certificeret b\u00f8rneyogal\u00e6rer, og dette inddrages i vores hverdag.&nbsp; L\u00e6s mere om B\u00f8rneyoga her<\/p>\n","protected":false},"author":1,"featured_media":117,"parent":0,"menu_order":0,"comment_status":"closed","ping_status":"closed","template":"","meta":{"footnotes":""},"class_list":["post-23","page","type-page","status-publish","has-post-thumbnail","hentry"],"yoast_head":"<!-- This site is optimized with the Yoast SEO plugin v27.1.1 - https:\/\/yoast.com\/product\/yoast-seo-wordpress\/ -->\n<title>Her er plads til jeres lille guldklump - L&aelig;rkereden<\/title>\n<meta name=\"description\" content=\"S\u00f8ger i en Privat Pasningsordning i Horsens Kommune? Hos L\u00e6rkereden har vi plads til det enkelte barn. Vores dage f\u00f8lger jeres barns behov\" \/>\n<meta name=\"robots\" content=\"index, follow, max-snippet:-1, max-image-preview:large, max-video-preview:-1\" \/>\n<link rel=\"canonical\" href=\"https:\/\/laerke-reden.dk\/index.php\/kontakt\/\" \/>\n<meta property=\"og:locale\" content=\"da_DK\" \/>\n<meta property=\"og:type\" content=\"article\" \/>\n<meta property=\"og:title\" content=\"Her er plads til jeres lille guldklump - L&aelig;rkereden\" \/>\n<meta property=\"og:description\" content=\"S\u00f8ger i en Privat Pasningsordning i Horsens Kommune? Hos L\u00e6rkereden har vi plads til det enkelte barn. Vores dage f\u00f8lger jeres barns behov\" \/>\n<meta property=\"og:url\" content=\"https:\/\/laerke-reden.dk\/index.php\/kontakt\/\" \/>\n<meta property=\"og:site_name\" content=\"L&aelig;rkereden\" \/>\n<meta property=\"article:modified_time\" content=\"2025-09-01T11:28:46+00:00\" \/>\n<meta name=\"twitter:card\" content=\"summary_large_image\" \/>\n<meta name=\"twitter:label1\" content=\"Estimeret l\u00e6setid\" \/>\n\t<meta name=\"twitter:data1\" content=\"1 minut\" \/>\n<script type=\"application\/ld+json\" class=\"yoast-schema-graph\">{\"@context\":\"https:\/\/schema.org\",\"@graph\":[{\"@type\":\"WebPage\",\"@id\":\"https:\/\/laerke-reden.dk\/index.php\/kontakt\/\",\"url\":\"https:\/\/laerke-reden.dk\/index.php\/kontakt\/\",\"name\":\"Her er plads til jeres lille guldklump - L&aelig;rkereden\",\"isPartOf\":{\"@id\":\"http:\/\/laerke-reden.dk\/#website\"},\"primaryImageOfPage\":{\"@id\":\"https:\/\/laerke-reden.dk\/index.php\/kontakt\/#primaryimage\"},\"image\":{\"@id\":\"https:\/\/laerke-reden.dk\/index.php\/kontakt\/#primaryimage\"},\"thumbnailUrl\":\"https:\/\/laerke-reden.dk\/wp-content\/uploads\/2025\/08\/20250123_083723398_iOS.heic\",\"datePublished\":\"2024-10-01T14:43:36+00:00\",\"dateModified\":\"2025-09-01T11:28:46+00:00\",\"description\":\"S\u00f8ger i en Privat Pasningsordning i Horsens Kommune? Hos L\u00e6rkereden har vi plads til det enkelte barn. Vores dage f\u00f8lger jeres barns behov\",\"breadcrumb\":{\"@id\":\"https:\/\/laerke-reden.dk\/index.php\/kontakt\/#breadcrumb\"},\"inLanguage\":\"da-DK\",\"potentialAction\":[{\"@type\":\"ReadAction\",\"target\":[\"https:\/\/laerke-reden.dk\/index.php\/kontakt\/\"]}]},{\"@type\":\"ImageObject\",\"inLanguage\":\"da-DK\",\"@id\":\"https:\/\/laerke-reden.dk\/index.php\/kontakt\/#primaryimage\",\"url\":\"https:\/\/laerke-reden.dk\/wp-content\/uploads\/2025\/08\/20250123_083723398_iOS.heic\",\"contentUrl\":\"https:\/\/laerke-reden.dk\/wp-content\/uploads\/2025\/08\/20250123_083723398_iOS.heic\"},{\"@type\":\"BreadcrumbList\",\"@id\":\"https:\/\/laerke-reden.dk\/index.php\/kontakt\/#breadcrumb\",\"itemListElement\":[{\"@type\":\"ListItem\",\"position\":1,\"name\":\"Hjem\",\"item\":\"http:\/\/laerke-reden.dk\/\"},{\"@type\":\"ListItem\",\"position\":2,\"name\":\"Her er plads til jeres lille guldklump\"}]},{\"@type\":\"WebSite\",\"@id\":\"http:\/\/laerke-reden.dk\/#website\",\"url\":\"http:\/\/laerke-reden.dk\/\",\"name\":\"L&aelig;rkereden\",\"description\":\"\",\"potentialAction\":[{\"@type\":\"SearchAction\",\"target\":{\"@type\":\"EntryPoint\",\"urlTemplate\":\"http:\/\/laerke-reden.dk\/?s={search_term_string}\"},\"query-input\":{\"@type\":\"PropertyValueSpecification\",\"valueRequired\":true,\"valueName\":\"search_term_string\"}}],\"inLanguage\":\"da-DK\"}]}<\/script>\n<!-- \/ Yoast SEO plugin. -->","yoast_head_json":{"title":"Her er plads til jeres lille guldklump - L&aelig;rkereden","description":"S\u00f8ger i en Privat Pasningsordning i Horsens Kommune? Hos L\u00e6rkereden har vi plads til det enkelte barn. Vores dage f\u00f8lger jeres barns behov","robots":{"index":"index","follow":"follow","max-snippet":"max-snippet:-1","max-image-preview":"max-image-preview:large","max-video-preview":"max-video-preview:-1"},"canonical":"https:\/\/laerke-reden.dk\/index.php\/kontakt\/","og_locale":"da_DK","og_type":"article","og_title":"Her er plads til jeres lille guldklump - L&aelig;rkereden","og_description":"S\u00f8ger i en Privat Pasningsordning i Horsens Kommune? Hos L\u00e6rkereden har vi plads til det enkelte barn. Vores dage f\u00f8lger jeres barns behov","og_url":"https:\/\/laerke-reden.dk\/index.php\/kontakt\/","og_site_name":"L&aelig;rkereden","article_modified_time":"2025-09-01T11:28:46+00:00","twitter_card":"summary_large_image","twitter_misc":{"Estimeret l\u00e6setid":"1 minut"},"schema":{"@context":"https:\/\/schema.org","@graph":[{"@type":"WebPage","@id":"https:\/\/laerke-reden.dk\/index.php\/kontakt\/","url":"https:\/\/laerke-reden.dk\/index.php\/kontakt\/","name":"Her er plads til jeres lille guldklump - L&aelig;rkereden","isPartOf":{"@id":"http:\/\/laerke-reden.dk\/#website"},"primaryImageOfPage":{"@id":"https:\/\/laerke-reden.dk\/index.php\/kontakt\/#primaryimage"},"image":{"@id":"https:\/\/laerke-reden.dk\/index.php\/kontakt\/#primaryimage"},"thumbnailUrl":"https:\/\/laerke-reden.dk\/wp-content\/uploads\/2025\/08\/20250123_083723398_iOS.heic","datePublished":"2024-10-01T14:43:36+00:00","dateModified":"2025-09-01T11:28:46+00:00","description":"S\u00f8ger i en Privat Pasningsordning i Horsens Kommune? Hos L\u00e6rkereden har vi plads til det enkelte barn. Vores dage f\u00f8lger jeres barns behov","breadcrumb":{"@id":"https:\/\/laerke-reden.dk\/index.php\/kontakt\/#breadcrumb"},"inLanguage":"da-DK","potentialAction":[{"@type":"ReadAction","target":["https:\/\/laerke-reden.dk\/index.php\/kontakt\/"]}]},{"@type":"ImageObject","inLanguage":"da-DK","@id":"https:\/\/laerke-reden.dk\/index.php\/kontakt\/#primaryimage","url":"https:\/\/laerke-reden.dk\/wp-content\/uploads\/2025\/08\/20250123_083723398_iOS.heic","contentUrl":"https:\/\/laerke-reden.dk\/wp-content\/uploads\/2025\/08\/20250123_083723398_iOS.heic"},{"@type":"BreadcrumbList","@id":"https:\/\/laerke-reden.dk\/index.php\/kontakt\/#breadcrumb","itemListElement":[{"@type":"ListItem","position":1,"name":"Hjem","item":"http:\/\/laerke-reden.dk\/"},{"@type":"ListItem","position":2,"name":"Her er plads til jeres lille guldklump"}]},{"@type":"WebSite","@id":"http:\/\/laerke-reden.dk\/#website","url":"http:\/\/laerke-reden.dk\/","name":"L&aelig;rkereden","description":"","potentialAction":[{"@type":"SearchAction","target":{"@type":"EntryPoint","urlTemplate":"http:\/\/laerke-reden.dk\/?s={search_term_string}"},"query-input":{"@type":"PropertyValueSpecification","valueRequired":true,"valueName":"search_term_string"}}],"inLanguage":"da-DK"}]}},"_links":{"self":[{"href":"https:\/\/laerke-reden.dk\/index.php\/wp-json\/wp\/v2\/pages\/23","targetHints":{"allow":["GET"]}}],"collection":[{"href":"https:\/\/laerke-reden.dk\/index.php\/wp-json\/wp\/v2\/pages"}],"about":[{"href":"https:\/\/laerke-reden.dk\/index.php\/wp-json\/wp\/v2\/types\/page"}],"author":[{"embeddable":true,"href":"https:\/\/laerke-reden.dk\/index.php\/wp-json\/wp\/v2\/users\/1"}],"replies":[{"embeddable":true,"href":"https:\/\/laerke-reden.dk\/index.php\/wp-json\/wp\/v2\/comments?post=23"}],"version-history":[{"count":3,"href":"https:\/\/laerke-reden.dk\/index.php\/wp-json\/wp\/v2\/pages\/23\/revisions"}],"predecessor-version":[{"id":163,"href":"https:\/\/laerke-reden.dk\/index.php\/wp-json\/wp\/v2\/pages\/23\/revisions\/163"}],"wp:featuredmedia":[{"embeddable":true,"href":"https:\/\/laerke-reden.dk\/index.php\/wp-json\/wp\/v2\/media\/117"}],"wp:attachment":[{"href":"https:\/\/laerke-reden.dk\/index.php\/wp-json\/wp\/v2\/media?parent=23"}],"curies":[{"name":"wp","href":"https:\/\/api.w.org\/{rel}","templated":true}]}}