{"id":91,"date":"2025-08-27T11:30:26","date_gmt":"2025-08-27T11:30:26","guid":{"rendered":"https:\/\/laerke-reden.dk\/?page_id=91"},"modified":"2025-09-01T11:24:51","modified_gmt":"2025-09-01T11:24:51","slug":"hverdagen","status":"publish","type":"page","link":"https:\/\/laerke-reden.dk\/index.php\/hverdagen\/","title":{"rendered":"Hverdagen"},"content":{"rendered":"\n<h2 class=\"wp-block-heading\" id=\"wnd_TextBlock_875408_inner_0\">\u00c5bningstid<\/h2>\n\n\n\n<p id=\"wnd_TextBlock_875408_inner_1\">Pasningsordningen kan bruges 48 timer om ugen mandag &#8211; fredag. \u00c5bningstiden tilpasses jeres behov.<\/p>\n\n\n\n<p id=\"wnd_TextBlock_875408_inner_2\">Er der behov for pasning i weekend\/helligdage, kan dette aftales hvis jeg har mulighed for det.<\/p>\n\n\n\n<h2 class=\"wp-block-heading\" id=\"wnd_TextBlock_875408_inner_3\">Hverdagen<\/h2>\n\n\n\n<p id=\"wnd_TextBlock_875408_inner_4\">B\u00f8rnene er trygge ved genkendeligheden, og er omgivet af glade smil, \u00f8jenkontakt, masser af n\u00e6rv\u00e6r, krammere og fjollerier.<\/p>\n\n\n\n<p id=\"wnd_TextBlock_875408_inner_5\">Vores dage planl\u00e6gges ud fra jeres barns behov.&nbsp;<\/p>\n\n\n\n<p id=\"wnd_TextBlock_875408_inner_6\">7-7:45: Morgenmad<\/p>\n\n\n\n<p id=\"wnd_TextBlock_875408_inner_7\">8:15-10:30: vi leger inde eller ude (se aktivitetsplan&nbsp;<a href=\"https:\/\/laerkereden.cms.webnode.dk\/aktiviteter\/\">her<\/a>)<\/p>\n\n\n\n<ul id=\"wnd_TextBlock_875408_inner_8\" class=\"wp-block-list\">\n<li>Indimellem legen eller hvis vi tager p\u00e5 tur (kl. ca. 9) f\u00e5r vi formiddagsfrugt.\u00a0<strong>De b\u00f8rn som har behov for en formiddagslur, f\u00e5r ogs\u00e5 dette.<\/strong><\/li>\n<\/ul>\n\n\n\n<p id=\"wnd_TextBlock_875408_inner_9\">10:45-11:30: Middagsmad&nbsp;<\/p>\n\n\n\n<p id=\"wnd_TextBlock_875408_inner_10\">12-14: Middagslur &#8211; luren tilpasses det enkelte barn. Nogle sover tidligere end 12, nogle sover l\u00e6ngere end til kl. 14.<\/p>\n\n\n\n<p id=\"wnd_TextBlock_875408_inner_11\">Efter middagsluren og til b\u00f8rnene bliver hentet, leger vi inde eller ude<\/p>\n\n\n\n<p><\/p>\n","protected":false},"excerpt":{"rendered":"<p>\u00c5bningstid Pasningsordningen kan bruges 48 timer om ugen mandag &#8211; fredag. \u00c5bningstiden tilpasses jeres behov. Er der behov for pasning i weekend\/helligdage, kan dette aftales hvis jeg har mulighed for det. Hverdagen B\u00f8rnene er trygge ved genkendeligheden, og er omgivet af glade smil, \u00f8jenkontakt, masser af n\u00e6rv\u00e6r, krammere og fjollerier. Vores dage planl\u00e6gges ud fra &hellip; <\/p>\n<p class=\"link-more\"><a href=\"https:\/\/laerke-reden.dk\/index.php\/hverdagen\/\" class=\"more-link\">L\u00e6s videre<span class=\"screen-reader-text\"> &#8220;Hverdagen&#8221;<\/span><\/a><\/p>\n","protected":false},"author":1,"featured_media":0,"parent":0,"menu_order":0,"comment_status":"closed","ping_status":"closed","template":"","meta":{"footnotes":""},"class_list":["post-91","page","type-page","status-publish","hentry"],"yoast_head":"<!-- This site is optimized with the Yoast SEO plugin v27.1.1 - https:\/\/yoast.com\/product\/yoast-seo-wordpress\/ -->\n<title>Hverdagen - L&aelig;rkereden<\/title>\n<meta name=\"description\" content=\"S\u00f8ger i en Privat Pasningsordning i Horsens Kommune? Hos L\u00e6rkereden har vi plads til det enkelte barn. Vores dage f\u00f8lger jeres barns behov\" \/>\n<meta name=\"robots\" content=\"index, follow, max-snippet:-1, max-image-preview:large, max-video-preview:-1\" \/>\n<link rel=\"canonical\" href=\"https:\/\/laerke-reden.dk\/index.php\/hverdagen\/\" \/>\n<meta property=\"og:locale\" content=\"da_DK\" \/>\n<meta property=\"og:type\" content=\"article\" \/>\n<meta property=\"og:title\" content=\"Hverdagen - L&aelig;rkereden\" \/>\n<meta property=\"og:description\" content=\"S\u00f8ger i en Privat Pasningsordning i Horsens Kommune? Hos L\u00e6rkereden har vi plads til det enkelte barn. Vores dage f\u00f8lger jeres barns behov\" \/>\n<meta property=\"og:url\" content=\"https:\/\/laerke-reden.dk\/index.php\/hverdagen\/\" \/>\n<meta property=\"og:site_name\" content=\"L&aelig;rkereden\" \/>\n<meta property=\"article:modified_time\" content=\"2025-09-01T11:24:51+00:00\" \/>\n<meta name=\"twitter:card\" content=\"summary_large_image\" \/>\n<meta name=\"twitter:label1\" content=\"Estimeret l\u00e6setid\" \/>\n\t<meta name=\"twitter:data1\" content=\"1 minut\" \/>\n<script type=\"application\/ld+json\" class=\"yoast-schema-graph\">{\"@context\":\"https:\/\/schema.org\",\"@graph\":[{\"@type\":\"WebPage\",\"@id\":\"https:\/\/laerke-reden.dk\/index.php\/hverdagen\/\",\"url\":\"https:\/\/laerke-reden.dk\/index.php\/hverdagen\/\",\"name\":\"Hverdagen - L&aelig;rkereden\",\"isPartOf\":{\"@id\":\"http:\/\/laerke-reden.dk\/#website\"},\"datePublished\":\"2025-08-27T11:30:26+00:00\",\"dateModified\":\"2025-09-01T11:24:51+00:00\",\"description\":\"S\u00f8ger i en Privat Pasningsordning i Horsens Kommune? Hos L\u00e6rkereden har vi plads til det enkelte barn. Vores dage f\u00f8lger jeres barns behov\",\"breadcrumb\":{\"@id\":\"https:\/\/laerke-reden.dk\/index.php\/hverdagen\/#breadcrumb\"},\"inLanguage\":\"da-DK\",\"potentialAction\":[{\"@type\":\"ReadAction\",\"target\":[\"https:\/\/laerke-reden.dk\/index.php\/hverdagen\/\"]}]},{\"@type\":\"BreadcrumbList\",\"@id\":\"https:\/\/laerke-reden.dk\/index.php\/hverdagen\/#breadcrumb\",\"itemListElement\":[{\"@type\":\"ListItem\",\"position\":1,\"name\":\"Hjem\",\"item\":\"http:\/\/laerke-reden.dk\/\"},{\"@type\":\"ListItem\",\"position\":2,\"name\":\"Hverdagen\"}]},{\"@type\":\"WebSite\",\"@id\":\"http:\/\/laerke-reden.dk\/#website\",\"url\":\"http:\/\/laerke-reden.dk\/\",\"name\":\"L&aelig;rkereden\",\"description\":\"\",\"potentialAction\":[{\"@type\":\"SearchAction\",\"target\":{\"@type\":\"EntryPoint\",\"urlTemplate\":\"http:\/\/laerke-reden.dk\/?s={search_term_string}\"},\"query-input\":{\"@type\":\"PropertyValueSpecification\",\"valueRequired\":true,\"valueName\":\"search_term_string\"}}],\"inLanguage\":\"da-DK\"}]}<\/script>\n<!-- \/ Yoast SEO plugin. -->","yoast_head_json":{"title":"Hverdagen - L&aelig;rkereden","description":"S\u00f8ger i en Privat Pasningsordning i Horsens Kommune? Hos L\u00e6rkereden har vi plads til det enkelte barn. Vores dage f\u00f8lger jeres barns behov","robots":{"index":"index","follow":"follow","max-snippet":"max-snippet:-1","max-image-preview":"max-image-preview:large","max-video-preview":"max-video-preview:-1"},"canonical":"https:\/\/laerke-reden.dk\/index.php\/hverdagen\/","og_locale":"da_DK","og_type":"article","og_title":"Hverdagen - L&aelig;rkereden","og_description":"S\u00f8ger i en Privat Pasningsordning i Horsens Kommune? Hos L\u00e6rkereden har vi plads til det enkelte barn. Vores dage f\u00f8lger jeres barns behov","og_url":"https:\/\/laerke-reden.dk\/index.php\/hverdagen\/","og_site_name":"L&aelig;rkereden","article_modified_time":"2025-09-01T11:24:51+00:00","twitter_card":"summary_large_image","twitter_misc":{"Estimeret l\u00e6setid":"1 minut"},"schema":{"@context":"https:\/\/schema.org","@graph":[{"@type":"WebPage","@id":"https:\/\/laerke-reden.dk\/index.php\/hverdagen\/","url":"https:\/\/laerke-reden.dk\/index.php\/hverdagen\/","name":"Hverdagen - L&aelig;rkereden","isPartOf":{"@id":"http:\/\/laerke-reden.dk\/#website"},"datePublished":"2025-08-27T11:30:26+00:00","dateModified":"2025-09-01T11:24:51+00:00","description":"S\u00f8ger i en Privat Pasningsordning i Horsens Kommune? Hos L\u00e6rkereden har vi plads til det enkelte barn. Vores dage f\u00f8lger jeres barns behov","breadcrumb":{"@id":"https:\/\/laerke-reden.dk\/index.php\/hverdagen\/#breadcrumb"},"inLanguage":"da-DK","potentialAction":[{"@type":"ReadAction","target":["https:\/\/laerke-reden.dk\/index.php\/hverdagen\/"]}]},{"@type":"BreadcrumbList","@id":"https:\/\/laerke-reden.dk\/index.php\/hverdagen\/#breadcrumb","itemListElement":[{"@type":"ListItem","position":1,"name":"Hjem","item":"http:\/\/laerke-reden.dk\/"},{"@type":"ListItem","position":2,"name":"Hverdagen"}]},{"@type":"WebSite","@id":"http:\/\/laerke-reden.dk\/#website","url":"http:\/\/laerke-reden.dk\/","name":"L&aelig;rkereden","description":"","potentialAction":[{"@type":"SearchAction","target":{"@type":"EntryPoint","urlTemplate":"http:\/\/laerke-reden.dk\/?s={search_term_string}"},"query-input":{"@type":"PropertyValueSpecification","valueRequired":true,"valueName":"search_term_string"}}],"inLanguage":"da-DK"}]}},"_links":{"self":[{"href":"https:\/\/laerke-reden.dk\/index.php\/wp-json\/wp\/v2\/pages\/91","targetHints":{"allow":["GET"]}}],"collection":[{"href":"https:\/\/laerke-reden.dk\/index.php\/wp-json\/wp\/v2\/pages"}],"about":[{"href":"https:\/\/laerke-reden.dk\/index.php\/wp-json\/wp\/v2\/types\/page"}],"author":[{"embeddable":true,"href":"https:\/\/laerke-reden.dk\/index.php\/wp-json\/wp\/v2\/users\/1"}],"replies":[{"embeddable":true,"href":"https:\/\/laerke-reden.dk\/index.php\/wp-json\/wp\/v2\/comments?post=91"}],"version-history":[{"count":2,"href":"https:\/\/laerke-reden.dk\/index.php\/wp-json\/wp\/v2\/pages\/91\/revisions"}],"predecessor-version":[{"id":123,"href":"https:\/\/laerke-reden.dk\/index.php\/wp-json\/wp\/v2\/pages\/91\/revisions\/123"}],"wp:attachment":[{"href":"https:\/\/laerke-reden.dk\/index.php\/wp-json\/wp\/v2\/media?parent=91"}],"curies":[{"name":"wp","href":"https:\/\/api.w.org\/{rel}","templated":true}]}}