{"id":92,"date":"2025-08-27T11:30:26","date_gmt":"2025-08-27T11:30:26","guid":{"rendered":"https:\/\/laerke-reden.dk\/?page_id=92"},"modified":"2025-08-28T11:08:21","modified_gmt":"2025-08-28T11:08:21","slug":"aktiviteter-2","status":"publish","type":"page","link":"https:\/\/laerke-reden.dk\/index.php\/aktiviteter-2\/","title":{"rendered":"Aktiviteter"},"content":{"rendered":"\n<h2 class=\"wp-block-heading has-text-align-center\" id=\"wnd_TextBlock_905604_inner_1\"><em><strong>Vores dage f\u00f8lger b\u00f8rnenes behov. Der kan v\u00e6re nogle som fx har brug for at sove en lille formiddagslur. Jeg m\u00e6rker ogs\u00e5 stemningen fra dag til dag, har b\u00f8rnene behovet eller ikke?&nbsp;<\/strong><\/em><\/h2>\n\n\n\n<h2 class=\"wp-block-heading has-text-align-center\" id=\"wnd_TextBlock_905604_inner_2\"><em><strong>Ting tar&#8217; tid&nbsp;\ud83d\ude42&nbsp;<\/strong><\/em><\/h2>\n\n\n\n<blockquote class=\"wp-block-quote is-layout-flow wp-block-quote-is-layout-flow\">\n<p><em>Vores hverdag og de aktiviteter vi laver, er bygget p\u00e5 de p\u00e6dagogiske l\u00e6rerplaner s\u00e5 b\u00f8rnene tilbydes l\u00e6rerige aktiviteter, og har derigennem mulighed for at udvikle sig socialt, sprogligt og personligt.&nbsp;<\/em><\/p>\n<\/blockquote>\n\n\n\n<p id=\"wnd_TextBlock_905604_inner_5\">Vi f\u00f8lger \u00e5rets gang, og har fokus p\u00e5 de forskellige \u00e5rstider samt h\u00f8jtider.<\/p>\n\n\n\n<p id=\"wnd_TextBlock_905604_inner_6\">Vi kl\u00e6der os ud og sl\u00e5r katten af t\u00f8nden til fastelavn, f\u00e5r bes\u00f8g af p\u00e5skeharen, spiser varme hveder til Store bededag og julehygger i december m\u00e5ned.<\/p>\n\n\n\n<p id=\"wnd_TextBlock_905604_inner_7\">Vi leger b\u00f8rneyoga om formiddagen, og forskelligt fra dag til dag vil b\u00f8rnenes grovmotorik blive udfordret. Vi har en ribbe, et legev\u00e6relse og en lille legeplads, hvor vi udfolder os.<\/p>\n\n\n\n<p id=\"wnd_TextBlock_905604_inner_8\">Vi fejrer b\u00f8rnenes f\u00f8dselsdage, og vi laver gaver til jer p\u00e5 forskellige m\u00e6rkedage.&nbsp;<\/p>\n\n\n\n<p id=\"wnd_TextBlock_905604_inner_9\">Vi bruger ogs\u00e5 en masse tid p\u00e5 at lave puzzlespil, tegne og male. Alt hvad der sker omkring b\u00f8rnene i hverdagen, er l\u00e6ring, derfor deltager b\u00f8rnene ogs\u00e5 aktivt i fx bordd\u00e6kning og oprydning.&nbsp;<\/p>\n\n\n\n<p id=\"wnd_TextBlock_905604_inner_10\"><strong>Uderummet<\/strong><\/p>\n\n\n\n<p id=\"wnd_TextBlock_905604_inner_11\">Vi bruger uderummet til fysisk udfoldelse, kreativ leg og stimulering af b\u00f8rnenes sanser.<\/p>\n\n\n\n<p id=\"wnd_TextBlock_905604_inner_12\">Vi tager p\u00e5 tur i det fri, b\u00e5de som korte hyggelige g\u00e5ture, og som l\u00e6ngere ture ud i naturen, hvor vi har madpakker med fx. til Langelinje, Bygholm park og legepladser rundt omkring.  M\u00f8der vi insekter p\u00e5 vores vej, hilser vi p\u00e5 dem \ud83d\ude42 <\/p>\n\n\n\n<p>Vi cykler ofte til de gode legepladser Lund, hvor der b\u00e5de er skov og vand og godt terr\u00e6n. Det er ogs\u00e5 i Lund vi m\u00f8des med vores bedste venner. Vi m\u00f8des med Charlotte og Lisbeth og deres pasningsordninger, og sammen laver vi forskellige aktiviteter. Vi samarbejder ogs\u00e5 om festligheder i forbindelse med h\u00f8jtider  <\/p>\n\n\n\n<p id=\"wnd_TextBlock_905604_inner_13\">Se billeder af hvad vi laver p\u00e5 vores facebook side.<\/p>\n","protected":false},"excerpt":{"rendered":"<p>Vores dage f\u00f8lger b\u00f8rnenes behov. Der kan v\u00e6re nogle som fx har brug for at sove en lille formiddagslur. Jeg m\u00e6rker ogs\u00e5 stemningen fra dag til dag, har b\u00f8rnene behovet eller ikke?&nbsp; Ting tar&#8217; tid&nbsp;\ud83d\ude42&nbsp; Vores hverdag og de aktiviteter vi laver, er bygget p\u00e5 de p\u00e6dagogiske l\u00e6rerplaner s\u00e5 b\u00f8rnene tilbydes l\u00e6rerige aktiviteter, og har &hellip; <\/p>\n<p class=\"link-more\"><a href=\"https:\/\/laerke-reden.dk\/index.php\/aktiviteter-2\/\" class=\"more-link\">L\u00e6s videre<span class=\"screen-reader-text\"> &#8220;Aktiviteter&#8221;<\/span><\/a><\/p>\n","protected":false},"author":1,"featured_media":0,"parent":0,"menu_order":0,"comment_status":"closed","ping_status":"closed","template":"","meta":{"footnotes":""},"class_list":["post-92","page","type-page","status-publish","hentry"],"yoast_head":"<!-- This site is optimized with the Yoast SEO plugin v27.1.1 - https:\/\/yoast.com\/product\/yoast-seo-wordpress\/ -->\n<title>Aktiviteter - L&aelig;rkereden<\/title>\n<meta name=\"robots\" content=\"index, follow, max-snippet:-1, max-image-preview:large, max-video-preview:-1\" \/>\n<link rel=\"canonical\" href=\"https:\/\/laerke-reden.dk\/index.php\/aktiviteter-2\/\" \/>\n<meta property=\"og:locale\" content=\"da_DK\" \/>\n<meta property=\"og:type\" content=\"article\" \/>\n<meta property=\"og:title\" content=\"Aktiviteter - L&aelig;rkereden\" \/>\n<meta property=\"og:description\" content=\"Vores dage f\u00f8lger b\u00f8rnenes behov. Der kan v\u00e6re nogle som fx har brug for at sove en lille formiddagslur. Jeg m\u00e6rker ogs\u00e5 stemningen fra dag til dag, har b\u00f8rnene behovet eller ikke?&nbsp; Ting tar&#8217; tid&nbsp;\ud83d\ude42&nbsp; Vores hverdag og de aktiviteter vi laver, er bygget p\u00e5 de p\u00e6dagogiske l\u00e6rerplaner s\u00e5 b\u00f8rnene tilbydes l\u00e6rerige aktiviteter, og har &hellip; L\u00e6s videre &quot;Aktiviteter&quot;\" \/>\n<meta property=\"og:url\" content=\"https:\/\/laerke-reden.dk\/index.php\/aktiviteter-2\/\" \/>\n<meta property=\"og:site_name\" content=\"L&aelig;rkereden\" \/>\n<meta property=\"article:modified_time\" content=\"2025-08-28T11:08:21+00:00\" \/>\n<meta name=\"twitter:card\" content=\"summary_large_image\" \/>\n<meta name=\"twitter:label1\" content=\"Estimeret l\u00e6setid\" \/>\n\t<meta name=\"twitter:data1\" content=\"2 minutter\" \/>\n<script type=\"application\/ld+json\" class=\"yoast-schema-graph\">{\"@context\":\"https:\/\/schema.org\",\"@graph\":[{\"@type\":\"WebPage\",\"@id\":\"https:\/\/laerke-reden.dk\/index.php\/aktiviteter-2\/\",\"url\":\"https:\/\/laerke-reden.dk\/index.php\/aktiviteter-2\/\",\"name\":\"Aktiviteter - L&aelig;rkereden\",\"isPartOf\":{\"@id\":\"http:\/\/laerke-reden.dk\/#website\"},\"datePublished\":\"2025-08-27T11:30:26+00:00\",\"dateModified\":\"2025-08-28T11:08:21+00:00\",\"breadcrumb\":{\"@id\":\"https:\/\/laerke-reden.dk\/index.php\/aktiviteter-2\/#breadcrumb\"},\"inLanguage\":\"da-DK\",\"potentialAction\":[{\"@type\":\"ReadAction\",\"target\":[\"https:\/\/laerke-reden.dk\/index.php\/aktiviteter-2\/\"]}]},{\"@type\":\"BreadcrumbList\",\"@id\":\"https:\/\/laerke-reden.dk\/index.php\/aktiviteter-2\/#breadcrumb\",\"itemListElement\":[{\"@type\":\"ListItem\",\"position\":1,\"name\":\"Hjem\",\"item\":\"http:\/\/laerke-reden.dk\/\"},{\"@type\":\"ListItem\",\"position\":2,\"name\":\"Aktiviteter\"}]},{\"@type\":\"WebSite\",\"@id\":\"http:\/\/laerke-reden.dk\/#website\",\"url\":\"http:\/\/laerke-reden.dk\/\",\"name\":\"L&aelig;rkereden\",\"description\":\"\",\"potentialAction\":[{\"@type\":\"SearchAction\",\"target\":{\"@type\":\"EntryPoint\",\"urlTemplate\":\"http:\/\/laerke-reden.dk\/?s={search_term_string}\"},\"query-input\":{\"@type\":\"PropertyValueSpecification\",\"valueRequired\":true,\"valueName\":\"search_term_string\"}}],\"inLanguage\":\"da-DK\"}]}<\/script>\n<!-- \/ Yoast SEO plugin. -->","yoast_head_json":{"title":"Aktiviteter - L&aelig;rkereden","robots":{"index":"index","follow":"follow","max-snippet":"max-snippet:-1","max-image-preview":"max-image-preview:large","max-video-preview":"max-video-preview:-1"},"canonical":"https:\/\/laerke-reden.dk\/index.php\/aktiviteter-2\/","og_locale":"da_DK","og_type":"article","og_title":"Aktiviteter - L&aelig;rkereden","og_description":"Vores dage f\u00f8lger b\u00f8rnenes behov. Der kan v\u00e6re nogle som fx har brug for at sove en lille formiddagslur. Jeg m\u00e6rker ogs\u00e5 stemningen fra dag til dag, har b\u00f8rnene behovet eller ikke?&nbsp; Ting tar&#8217; tid&nbsp;\ud83d\ude42&nbsp; Vores hverdag og de aktiviteter vi laver, er bygget p\u00e5 de p\u00e6dagogiske l\u00e6rerplaner s\u00e5 b\u00f8rnene tilbydes l\u00e6rerige aktiviteter, og har &hellip; L\u00e6s videre \"Aktiviteter\"","og_url":"https:\/\/laerke-reden.dk\/index.php\/aktiviteter-2\/","og_site_name":"L&aelig;rkereden","article_modified_time":"2025-08-28T11:08:21+00:00","twitter_card":"summary_large_image","twitter_misc":{"Estimeret l\u00e6setid":"2 minutter"},"schema":{"@context":"https:\/\/schema.org","@graph":[{"@type":"WebPage","@id":"https:\/\/laerke-reden.dk\/index.php\/aktiviteter-2\/","url":"https:\/\/laerke-reden.dk\/index.php\/aktiviteter-2\/","name":"Aktiviteter - L&aelig;rkereden","isPartOf":{"@id":"http:\/\/laerke-reden.dk\/#website"},"datePublished":"2025-08-27T11:30:26+00:00","dateModified":"2025-08-28T11:08:21+00:00","breadcrumb":{"@id":"https:\/\/laerke-reden.dk\/index.php\/aktiviteter-2\/#breadcrumb"},"inLanguage":"da-DK","potentialAction":[{"@type":"ReadAction","target":["https:\/\/laerke-reden.dk\/index.php\/aktiviteter-2\/"]}]},{"@type":"BreadcrumbList","@id":"https:\/\/laerke-reden.dk\/index.php\/aktiviteter-2\/#breadcrumb","itemListElement":[{"@type":"ListItem","position":1,"name":"Hjem","item":"http:\/\/laerke-reden.dk\/"},{"@type":"ListItem","position":2,"name":"Aktiviteter"}]},{"@type":"WebSite","@id":"http:\/\/laerke-reden.dk\/#website","url":"http:\/\/laerke-reden.dk\/","name":"L&aelig;rkereden","description":"","potentialAction":[{"@type":"SearchAction","target":{"@type":"EntryPoint","urlTemplate":"http:\/\/laerke-reden.dk\/?s={search_term_string}"},"query-input":{"@type":"PropertyValueSpecification","valueRequired":true,"valueName":"search_term_string"}}],"inLanguage":"da-DK"}]}},"_links":{"self":[{"href":"https:\/\/laerke-reden.dk\/index.php\/wp-json\/wp\/v2\/pages\/92","targetHints":{"allow":["GET"]}}],"collection":[{"href":"https:\/\/laerke-reden.dk\/index.php\/wp-json\/wp\/v2\/pages"}],"about":[{"href":"https:\/\/laerke-reden.dk\/index.php\/wp-json\/wp\/v2\/types\/page"}],"author":[{"embeddable":true,"href":"https:\/\/laerke-reden.dk\/index.php\/wp-json\/wp\/v2\/users\/1"}],"replies":[{"embeddable":true,"href":"https:\/\/laerke-reden.dk\/index.php\/wp-json\/wp\/v2\/comments?post=92"}],"version-history":[{"count":2,"href":"https:\/\/laerke-reden.dk\/index.php\/wp-json\/wp\/v2\/pages\/92\/revisions"}],"predecessor-version":[{"id":115,"href":"https:\/\/laerke-reden.dk\/index.php\/wp-json\/wp\/v2\/pages\/92\/revisions\/115"}],"wp:attachment":[{"href":"https:\/\/laerke-reden.dk\/index.php\/wp-json\/wp\/v2\/media?parent=92"}],"curies":[{"name":"wp","href":"https:\/\/api.w.org\/{rel}","templated":true}]}}