{"id":94,"date":"2025-08-27T11:30:26","date_gmt":"2025-08-27T11:30:26","guid":{"rendered":"https:\/\/laerke-reden.dk\/?page_id=94"},"modified":"2025-08-29T13:47:58","modified_gmt":"2025-08-29T13:47:58","slug":"pris","status":"publish","type":"page","link":"https:\/\/laerke-reden.dk\/index.php\/pris\/","title":{"rendered":"Pris"},"content":{"rendered":"\n<p id=\"wnd_TextBlock_426987915_inner_1\"><strong>Det s\u00f8rger jeg for<\/strong><\/p>\n\n\n\n<p id=\"wnd_TextBlock_426987915_inner_5\">Alle m\u00e5ltider<\/p>\n\n\n\n<p id=\"wnd_TextBlock_426987915_inner_6\">Bleer<\/p>\n\n\n\n<p id=\"wnd_TextBlock_426987915_inner_7\">Materialer til de kreative udfoldelser<\/p>\n\n\n\n<p id=\"wnd_TextBlock_426987915_inner_8\">Jeres barn f\u00e5r deres egen knag til overt\u00f8j, samt kasse til skiftet\u00f8j<\/p>\n\n\n\n<p id=\"wnd_TextBlock_426987915_inner_9\">Jeres barnevogn kan blive st\u00e5ende hos mig i weekender mv., den kan st\u00e5 under halvtag<\/p>\n\n\n\n<p id=\"wnd_TextBlock_426987915_inner_10\">Solcreme<\/p>\n\n\n\n<p id=\"wnd_TextBlock_426987915_inner_11\">Opstartsmappe med informationer<\/p>\n\n\n\n<p id=\"wnd_TextBlock_426987915_inner_12\"><strong>Jeres huskeliste<\/strong><\/p>\n\n\n\n<p id=\"wnd_TextBlock_426987915_inner_13\">Sutter<\/p>\n\n\n\n<p id=\"wnd_TextBlock_426987915_inner_14\">Moderm\u00e6lkserstatning, hvis barnet f\u00e5r dette<\/p>\n\n\n\n<p id=\"wnd_TextBlock_426987915_inner_15\">Barnevogn med dyne og pude, regnslag og myggenet<\/p>\n\n\n\n<p id=\"wnd_TextBlock_426987915_inner_16\">Godkendt barnevognssele<\/p>\n\n\n\n<p id=\"wnd_TextBlock_426987915_inner_17\">Skiftet\u00f8j (gerne 2 af alt)<\/p>\n\n\n\n<p id=\"wnd_TextBlock_426987915_inner_18\">Overt\u00f8j efter \u00e5rstiden<\/p>\n\n\n\n<p id=\"wnd_TextBlock_426987915_inner_19\">Navn i t\u00f8j, overt\u00f8j og fodt\u00f8j. Ogs\u00e5 gerne p\u00e5 dele til barnevognen samt sutter.<\/p>\n\n\n\n<p id=\"wnd_TextBlock_426987915_inner_20\">&nbsp;I f\u00e5r ogs\u00e5 huskelisten i printet udgave<\/p>\n\n\n\n<p id=\"wnd_TextBlock_426987915_inner_21\"><strong>Pris og information<\/strong><\/p>\n\n\n\n<p id=\"wnd_TextBlock_426987915_inner_22\">Prisen er 9600,- pr. m\u00e5ned, og der betales m\u00e5nedsvis forud.<\/p>\n\n\n\n<p id=\"wnd_TextBlock_426987915_inner_23\">Horsens kommune giver et tilskud p\u00e5 6565 kr. (Takst 2025). Tilskuddet er skattefrit, og udbetales til jer ligeledes m\u00e5nedsvis forud.<\/p>\n\n\n\n<p id=\"wnd_TextBlock_426987915_inner_24\">Egenbetaling: 3035 kr.<\/p>\n\n\n\n<p id=\"wnd_TextBlock_426987915_inner_25\">S\u00f8skenderabat gives automatisk af kommunen.<\/p>\n\n\n\n<p id=\"wnd_TextBlock_426987915_inner_26\">Det er ikke muligt at s\u00f8ge friplads til privat pasning.<\/p>\n\n\n\n<p id=\"wnd_TextBlock_426987915_inner_27\">Bem\u00e6rk &#8211; Juli m\u00e5ned er ikke betalingsfri. Der betales alle 12 mdr.<\/p>\n\n\n\n<p id=\"wnd_TextBlock_426987915_inner_28\">Ans\u00f8gningen kan vi lave i f\u00e6llesskab.<\/p>\n\n\n\n<p id=\"wnd_TextBlock_426987915_inner_29\">Jeg betaler skat af min l\u00f8n.<\/p>\n\n\n\n<p id=\"wnd_TextBlock_426987915_inner_30\"><strong>S\u00e5dan betales<\/strong><\/p>\n\n\n\n<p id=\"wnd_TextBlock_426987915_inner_31\">Pladsens pris 9600,- minus kommunens tilskud 6565,- = egenbetaling 3035,-<\/p>\n\n\n\n<p id=\"wnd_TextBlock_426987915_inner_32\">I overf\u00f8rer den fulde pris (9600,-) til L\u00e6rkereden &#8211; Privat pasnings konto (bel\u00f8bet skal v\u00e6re til r\u00e5dighed den sidste hverdag i m\u00e5neden)<\/p>\n\n\n\n<p id=\"wnd_TextBlock_426987915_inner_33\">Kommunen udbetaler automatisk tilskuddet til jeres NemKonto, dette bel\u00f8b er skattefrit<\/p>\n\n\n\n<h2 class=\"wp-block-heading\" id=\"wnd_TextBlock_426987915_inner_35\">&nbsp;L\u00e6rkeredens bankkonto:<\/h2>\n\n\n\n<p id=\"wnd_TextBlock_426987915_inner_36\">Vestjysk bank<\/p>\n\n\n\n<p id=\"wnd_TextBlock_426987915_inner_37\">Reg. 8130 konto 4150 1854 89<\/p>\n","protected":false},"excerpt":{"rendered":"<p>Det s\u00f8rger jeg for Alle m\u00e5ltider Bleer Materialer til de kreative udfoldelser Jeres barn f\u00e5r deres egen knag til overt\u00f8j, samt kasse til skiftet\u00f8j Jeres barnevogn kan blive st\u00e5ende hos mig i weekender mv., den kan st\u00e5 under halvtag Solcreme Opstartsmappe med informationer Jeres huskeliste Sutter Moderm\u00e6lkserstatning, hvis barnet f\u00e5r dette Barnevogn med dyne og &hellip; <\/p>\n<p class=\"link-more\"><a href=\"https:\/\/laerke-reden.dk\/index.php\/pris\/\" class=\"more-link\">L\u00e6s videre<span class=\"screen-reader-text\"> &#8220;Pris&#8221;<\/span><\/a><\/p>\n","protected":false},"author":1,"featured_media":0,"parent":0,"menu_order":0,"comment_status":"closed","ping_status":"closed","template":"","meta":{"footnotes":""},"class_list":["post-94","page","type-page","status-publish","hentry"],"yoast_head":"<!-- This site is optimized with the Yoast SEO plugin v27.1.1 - https:\/\/yoast.com\/product\/yoast-seo-wordpress\/ -->\n<title>Pris - L&aelig;rkereden<\/title>\n<meta name=\"robots\" content=\"index, follow, max-snippet:-1, max-image-preview:large, max-video-preview:-1\" \/>\n<link rel=\"canonical\" href=\"https:\/\/laerke-reden.dk\/index.php\/pris\/\" \/>\n<meta property=\"og:locale\" content=\"da_DK\" \/>\n<meta property=\"og:type\" content=\"article\" \/>\n<meta property=\"og:title\" content=\"Pris - L&aelig;rkereden\" \/>\n<meta property=\"og:description\" content=\"Det s\u00f8rger jeg for Alle m\u00e5ltider Bleer Materialer til de kreative udfoldelser Jeres barn f\u00e5r deres egen knag til overt\u00f8j, samt kasse til skiftet\u00f8j Jeres barnevogn kan blive st\u00e5ende hos mig i weekender mv., den kan st\u00e5 under halvtag Solcreme Opstartsmappe med informationer Jeres huskeliste Sutter Moderm\u00e6lkserstatning, hvis barnet f\u00e5r dette Barnevogn med dyne og &hellip; L\u00e6s videre &quot;Pris&quot;\" \/>\n<meta property=\"og:url\" content=\"https:\/\/laerke-reden.dk\/index.php\/pris\/\" \/>\n<meta property=\"og:site_name\" content=\"L&aelig;rkereden\" \/>\n<meta property=\"article:modified_time\" content=\"2025-08-29T13:47:58+00:00\" \/>\n<meta name=\"twitter:card\" content=\"summary_large_image\" \/>\n<meta name=\"twitter:label1\" content=\"Estimeret l\u00e6setid\" \/>\n\t<meta name=\"twitter:data1\" content=\"1 minut\" \/>\n<script type=\"application\/ld+json\" class=\"yoast-schema-graph\">{\"@context\":\"https:\/\/schema.org\",\"@graph\":[{\"@type\":\"WebPage\",\"@id\":\"https:\/\/laerke-reden.dk\/index.php\/pris\/\",\"url\":\"https:\/\/laerke-reden.dk\/index.php\/pris\/\",\"name\":\"Pris - L&aelig;rkereden\",\"isPartOf\":{\"@id\":\"http:\/\/laerke-reden.dk\/#website\"},\"datePublished\":\"2025-08-27T11:30:26+00:00\",\"dateModified\":\"2025-08-29T13:47:58+00:00\",\"breadcrumb\":{\"@id\":\"https:\/\/laerke-reden.dk\/index.php\/pris\/#breadcrumb\"},\"inLanguage\":\"da-DK\",\"potentialAction\":[{\"@type\":\"ReadAction\",\"target\":[\"https:\/\/laerke-reden.dk\/index.php\/pris\/\"]}]},{\"@type\":\"BreadcrumbList\",\"@id\":\"https:\/\/laerke-reden.dk\/index.php\/pris\/#breadcrumb\",\"itemListElement\":[{\"@type\":\"ListItem\",\"position\":1,\"name\":\"Hjem\",\"item\":\"http:\/\/laerke-reden.dk\/\"},{\"@type\":\"ListItem\",\"position\":2,\"name\":\"Pris\"}]},{\"@type\":\"WebSite\",\"@id\":\"http:\/\/laerke-reden.dk\/#website\",\"url\":\"http:\/\/laerke-reden.dk\/\",\"name\":\"L&aelig;rkereden\",\"description\":\"\",\"potentialAction\":[{\"@type\":\"SearchAction\",\"target\":{\"@type\":\"EntryPoint\",\"urlTemplate\":\"http:\/\/laerke-reden.dk\/?s={search_term_string}\"},\"query-input\":{\"@type\":\"PropertyValueSpecification\",\"valueRequired\":true,\"valueName\":\"search_term_string\"}}],\"inLanguage\":\"da-DK\"}]}<\/script>\n<!-- \/ Yoast SEO plugin. -->","yoast_head_json":{"title":"Pris - L&aelig;rkereden","robots":{"index":"index","follow":"follow","max-snippet":"max-snippet:-1","max-image-preview":"max-image-preview:large","max-video-preview":"max-video-preview:-1"},"canonical":"https:\/\/laerke-reden.dk\/index.php\/pris\/","og_locale":"da_DK","og_type":"article","og_title":"Pris - L&aelig;rkereden","og_description":"Det s\u00f8rger jeg for Alle m\u00e5ltider Bleer Materialer til de kreative udfoldelser Jeres barn f\u00e5r deres egen knag til overt\u00f8j, samt kasse til skiftet\u00f8j Jeres barnevogn kan blive st\u00e5ende hos mig i weekender mv., den kan st\u00e5 under halvtag Solcreme Opstartsmappe med informationer Jeres huskeliste Sutter Moderm\u00e6lkserstatning, hvis barnet f\u00e5r dette Barnevogn med dyne og &hellip; L\u00e6s videre \"Pris\"","og_url":"https:\/\/laerke-reden.dk\/index.php\/pris\/","og_site_name":"L&aelig;rkereden","article_modified_time":"2025-08-29T13:47:58+00:00","twitter_card":"summary_large_image","twitter_misc":{"Estimeret l\u00e6setid":"1 minut"},"schema":{"@context":"https:\/\/schema.org","@graph":[{"@type":"WebPage","@id":"https:\/\/laerke-reden.dk\/index.php\/pris\/","url":"https:\/\/laerke-reden.dk\/index.php\/pris\/","name":"Pris - L&aelig;rkereden","isPartOf":{"@id":"http:\/\/laerke-reden.dk\/#website"},"datePublished":"2025-08-27T11:30:26+00:00","dateModified":"2025-08-29T13:47:58+00:00","breadcrumb":{"@id":"https:\/\/laerke-reden.dk\/index.php\/pris\/#breadcrumb"},"inLanguage":"da-DK","potentialAction":[{"@type":"ReadAction","target":["https:\/\/laerke-reden.dk\/index.php\/pris\/"]}]},{"@type":"BreadcrumbList","@id":"https:\/\/laerke-reden.dk\/index.php\/pris\/#breadcrumb","itemListElement":[{"@type":"ListItem","position":1,"name":"Hjem","item":"http:\/\/laerke-reden.dk\/"},{"@type":"ListItem","position":2,"name":"Pris"}]},{"@type":"WebSite","@id":"http:\/\/laerke-reden.dk\/#website","url":"http:\/\/laerke-reden.dk\/","name":"L&aelig;rkereden","description":"","potentialAction":[{"@type":"SearchAction","target":{"@type":"EntryPoint","urlTemplate":"http:\/\/laerke-reden.dk\/?s={search_term_string}"},"query-input":{"@type":"PropertyValueSpecification","valueRequired":true,"valueName":"search_term_string"}}],"inLanguage":"da-DK"}]}},"_links":{"self":[{"href":"https:\/\/laerke-reden.dk\/index.php\/wp-json\/wp\/v2\/pages\/94","targetHints":{"allow":["GET"]}}],"collection":[{"href":"https:\/\/laerke-reden.dk\/index.php\/wp-json\/wp\/v2\/pages"}],"about":[{"href":"https:\/\/laerke-reden.dk\/index.php\/wp-json\/wp\/v2\/types\/page"}],"author":[{"embeddable":true,"href":"https:\/\/laerke-reden.dk\/index.php\/wp-json\/wp\/v2\/users\/1"}],"replies":[{"embeddable":true,"href":"https:\/\/laerke-reden.dk\/index.php\/wp-json\/wp\/v2\/comments?post=94"}],"version-history":[{"count":4,"href":"https:\/\/laerke-reden.dk\/index.php\/wp-json\/wp\/v2\/pages\/94\/revisions"}],"predecessor-version":[{"id":158,"href":"https:\/\/laerke-reden.dk\/index.php\/wp-json\/wp\/v2\/pages\/94\/revisions\/158"}],"wp:attachment":[{"href":"https:\/\/laerke-reden.dk\/index.php\/wp-json\/wp\/v2\/media?parent=94"}],"curies":[{"name":"wp","href":"https:\/\/api.w.org\/{rel}","templated":true}]}}