{"id":95,"date":"2025-08-27T11:30:26","date_gmt":"2025-08-27T11:30:26","guid":{"rendered":"https:\/\/laerke-reden.dk\/?page_id=95"},"modified":"2025-08-29T11:54:02","modified_gmt":"2025-08-29T11:54:02","slug":"kost","status":"publish","type":"page","link":"https:\/\/laerke-reden.dk\/index.php\/kost\/","title":{"rendered":"Kost"},"content":{"rendered":"\n<p id=\"wnd_TextBlock_801083_inner_1\">Maden der serveres er forskellig fra dag til dag. Dog har morgen, formiddag og eftermiddag nogenlunde samme indhold med variation.&nbsp;<\/p>\n\n\n\n<p id=\"wnd_TextBlock_801083_inner_2\">Morgenmad: der tilbydes forskellige slags gr\u00f8d (havregr\u00f8d\/\u00f8llebr\u00f8d), lune boller. Havregryn\/ cornflakes med m\u00e6lk eller yoghurt<\/p>\n\n\n\n<p id=\"wnd_TextBlock_801083_inner_3\">Formiddag og eftermiddag serveres forskellig frugt og gr\u00f8nt, samt boller\/ kn\u00e6kbr\u00f8d med sm\u00f8r mm.<\/p>\n\n\n\n<p id=\"wnd_TextBlock_801083_inner_4\">Til middagsmaden f\u00e5r b\u00f8rnene b\u00e5de kold og varm mad, og vi har en fiskedag om ugen.<\/p>\n\n\n\n<p id=\"wnd_TextBlock_801083_inner_5\">Vi samles om maden p\u00e5 en hyggelig m\u00e5de, smager og m\u00e6rker p\u00e5 maden \ud83d\ude42 Har i nogle \u00f8nsker, s\u00e5 sig endelig frem.<\/p>\n\n\n\n<p id=\"wnd_TextBlock_801083_inner_6\">St\u00f8rstedelen af maden er \u00f8kologisk, og der serveres vand og m\u00e6lk til maden.<\/p>\n\n\n\n<p id=\"wnd_TextBlock_801083_inner_7\">&nbsp;<\/p>\n","protected":false},"excerpt":{"rendered":"<p>Maden der serveres er forskellig fra dag til dag. Dog har morgen, formiddag og eftermiddag nogenlunde samme indhold med variation.&nbsp; Morgenmad: der tilbydes forskellige slags gr\u00f8d (havregr\u00f8d\/\u00f8llebr\u00f8d), lune boller. Havregryn\/ cornflakes med m\u00e6lk eller yoghurt Formiddag og eftermiddag serveres forskellig frugt og gr\u00f8nt, samt boller\/ kn\u00e6kbr\u00f8d med sm\u00f8r mm. Til middagsmaden f\u00e5r b\u00f8rnene b\u00e5de kold &hellip; <\/p>\n<p class=\"link-more\"><a href=\"https:\/\/laerke-reden.dk\/index.php\/kost\/\" class=\"more-link\">L\u00e6s videre<span class=\"screen-reader-text\"> &#8220;Kost&#8221;<\/span><\/a><\/p>\n","protected":false},"author":1,"featured_media":156,"parent":0,"menu_order":0,"comment_status":"closed","ping_status":"closed","template":"","meta":{"footnotes":""},"class_list":["post-95","page","type-page","status-publish","has-post-thumbnail","hentry"],"yoast_head":"<!-- This site is optimized with the Yoast SEO plugin v27.1.1 - https:\/\/yoast.com\/product\/yoast-seo-wordpress\/ -->\n<title>Kost - L&aelig;rkereden<\/title>\n<meta name=\"robots\" content=\"index, follow, max-snippet:-1, max-image-preview:large, max-video-preview:-1\" \/>\n<link rel=\"canonical\" href=\"https:\/\/laerke-reden.dk\/index.php\/kost\/\" \/>\n<meta property=\"og:locale\" content=\"da_DK\" \/>\n<meta property=\"og:type\" content=\"article\" \/>\n<meta property=\"og:title\" content=\"Kost - L&aelig;rkereden\" \/>\n<meta property=\"og:description\" content=\"Maden der serveres er forskellig fra dag til dag. Dog har morgen, formiddag og eftermiddag nogenlunde samme indhold med variation.&nbsp; Morgenmad: der tilbydes forskellige slags gr\u00f8d (havregr\u00f8d\/\u00f8llebr\u00f8d), lune boller. Havregryn\/ cornflakes med m\u00e6lk eller yoghurt Formiddag og eftermiddag serveres forskellig frugt og gr\u00f8nt, samt boller\/ kn\u00e6kbr\u00f8d med sm\u00f8r mm. Til middagsmaden f\u00e5r b\u00f8rnene b\u00e5de kold &hellip; L\u00e6s videre &quot;Kost&quot;\" \/>\n<meta property=\"og:url\" content=\"https:\/\/laerke-reden.dk\/index.php\/kost\/\" \/>\n<meta property=\"og:site_name\" content=\"L&aelig;rkereden\" \/>\n<meta property=\"article:modified_time\" content=\"2025-08-29T11:54:02+00:00\" \/>\n<meta name=\"twitter:card\" content=\"summary_large_image\" \/>\n<meta name=\"twitter:label1\" content=\"Estimeret l\u00e6setid\" \/>\n\t<meta name=\"twitter:data1\" content=\"1 minut\" \/>\n<script type=\"application\/ld+json\" class=\"yoast-schema-graph\">{\"@context\":\"https:\/\/schema.org\",\"@graph\":[{\"@type\":\"WebPage\",\"@id\":\"https:\/\/laerke-reden.dk\/index.php\/kost\/\",\"url\":\"https:\/\/laerke-reden.dk\/index.php\/kost\/\",\"name\":\"Kost - L&aelig;rkereden\",\"isPartOf\":{\"@id\":\"http:\/\/laerke-reden.dk\/#website\"},\"primaryImageOfPage\":{\"@id\":\"https:\/\/laerke-reden.dk\/index.php\/kost\/#primaryimage\"},\"image\":{\"@id\":\"https:\/\/laerke-reden.dk\/index.php\/kost\/#primaryimage\"},\"thumbnailUrl\":\"https:\/\/laerke-reden.dk\/wp-content\/uploads\/2025\/08\/20250121_132744109_iOS.heic\",\"datePublished\":\"2025-08-27T11:30:26+00:00\",\"dateModified\":\"2025-08-29T11:54:02+00:00\",\"breadcrumb\":{\"@id\":\"https:\/\/laerke-reden.dk\/index.php\/kost\/#breadcrumb\"},\"inLanguage\":\"da-DK\",\"potentialAction\":[{\"@type\":\"ReadAction\",\"target\":[\"https:\/\/laerke-reden.dk\/index.php\/kost\/\"]}]},{\"@type\":\"ImageObject\",\"inLanguage\":\"da-DK\",\"@id\":\"https:\/\/laerke-reden.dk\/index.php\/kost\/#primaryimage\",\"url\":\"https:\/\/laerke-reden.dk\/wp-content\/uploads\/2025\/08\/20250121_132744109_iOS.heic\",\"contentUrl\":\"https:\/\/laerke-reden.dk\/wp-content\/uploads\/2025\/08\/20250121_132744109_iOS.heic\",\"caption\":\"Privat pasningsordning Horsens, dagpleje, privat pasning, Horsens, PPO Horsens, Pasnings tilbud Horsens Kommune, dagpleje 2025, Kost i L\u00e6rkereden\"},{\"@type\":\"BreadcrumbList\",\"@id\":\"https:\/\/laerke-reden.dk\/index.php\/kost\/#breadcrumb\",\"itemListElement\":[{\"@type\":\"ListItem\",\"position\":1,\"name\":\"Hjem\",\"item\":\"http:\/\/laerke-reden.dk\/\"},{\"@type\":\"ListItem\",\"position\":2,\"name\":\"Kost\"}]},{\"@type\":\"WebSite\",\"@id\":\"http:\/\/laerke-reden.dk\/#website\",\"url\":\"http:\/\/laerke-reden.dk\/\",\"name\":\"L&aelig;rkereden\",\"description\":\"\",\"potentialAction\":[{\"@type\":\"SearchAction\",\"target\":{\"@type\":\"EntryPoint\",\"urlTemplate\":\"http:\/\/laerke-reden.dk\/?s={search_term_string}\"},\"query-input\":{\"@type\":\"PropertyValueSpecification\",\"valueRequired\":true,\"valueName\":\"search_term_string\"}}],\"inLanguage\":\"da-DK\"}]}<\/script>\n<!-- \/ Yoast SEO plugin. -->","yoast_head_json":{"title":"Kost - L&aelig;rkereden","robots":{"index":"index","follow":"follow","max-snippet":"max-snippet:-1","max-image-preview":"max-image-preview:large","max-video-preview":"max-video-preview:-1"},"canonical":"https:\/\/laerke-reden.dk\/index.php\/kost\/","og_locale":"da_DK","og_type":"article","og_title":"Kost - L&aelig;rkereden","og_description":"Maden der serveres er forskellig fra dag til dag. Dog har morgen, formiddag og eftermiddag nogenlunde samme indhold med variation.&nbsp; Morgenmad: der tilbydes forskellige slags gr\u00f8d (havregr\u00f8d\/\u00f8llebr\u00f8d), lune boller. Havregryn\/ cornflakes med m\u00e6lk eller yoghurt Formiddag og eftermiddag serveres forskellig frugt og gr\u00f8nt, samt boller\/ kn\u00e6kbr\u00f8d med sm\u00f8r mm. Til middagsmaden f\u00e5r b\u00f8rnene b\u00e5de kold &hellip; L\u00e6s videre \"Kost\"","og_url":"https:\/\/laerke-reden.dk\/index.php\/kost\/","og_site_name":"L&aelig;rkereden","article_modified_time":"2025-08-29T11:54:02+00:00","twitter_card":"summary_large_image","twitter_misc":{"Estimeret l\u00e6setid":"1 minut"},"schema":{"@context":"https:\/\/schema.org","@graph":[{"@type":"WebPage","@id":"https:\/\/laerke-reden.dk\/index.php\/kost\/","url":"https:\/\/laerke-reden.dk\/index.php\/kost\/","name":"Kost - L&aelig;rkereden","isPartOf":{"@id":"http:\/\/laerke-reden.dk\/#website"},"primaryImageOfPage":{"@id":"https:\/\/laerke-reden.dk\/index.php\/kost\/#primaryimage"},"image":{"@id":"https:\/\/laerke-reden.dk\/index.php\/kost\/#primaryimage"},"thumbnailUrl":"https:\/\/laerke-reden.dk\/wp-content\/uploads\/2025\/08\/20250121_132744109_iOS.heic","datePublished":"2025-08-27T11:30:26+00:00","dateModified":"2025-08-29T11:54:02+00:00","breadcrumb":{"@id":"https:\/\/laerke-reden.dk\/index.php\/kost\/#breadcrumb"},"inLanguage":"da-DK","potentialAction":[{"@type":"ReadAction","target":["https:\/\/laerke-reden.dk\/index.php\/kost\/"]}]},{"@type":"ImageObject","inLanguage":"da-DK","@id":"https:\/\/laerke-reden.dk\/index.php\/kost\/#primaryimage","url":"https:\/\/laerke-reden.dk\/wp-content\/uploads\/2025\/08\/20250121_132744109_iOS.heic","contentUrl":"https:\/\/laerke-reden.dk\/wp-content\/uploads\/2025\/08\/20250121_132744109_iOS.heic","caption":"Privat pasningsordning Horsens, dagpleje, privat pasning, Horsens, PPO Horsens, Pasnings tilbud Horsens Kommune, dagpleje 2025, Kost i L\u00e6rkereden"},{"@type":"BreadcrumbList","@id":"https:\/\/laerke-reden.dk\/index.php\/kost\/#breadcrumb","itemListElement":[{"@type":"ListItem","position":1,"name":"Hjem","item":"http:\/\/laerke-reden.dk\/"},{"@type":"ListItem","position":2,"name":"Kost"}]},{"@type":"WebSite","@id":"http:\/\/laerke-reden.dk\/#website","url":"http:\/\/laerke-reden.dk\/","name":"L&aelig;rkereden","description":"","potentialAction":[{"@type":"SearchAction","target":{"@type":"EntryPoint","urlTemplate":"http:\/\/laerke-reden.dk\/?s={search_term_string}"},"query-input":{"@type":"PropertyValueSpecification","valueRequired":true,"valueName":"search_term_string"}}],"inLanguage":"da-DK"}]}},"_links":{"self":[{"href":"https:\/\/laerke-reden.dk\/index.php\/wp-json\/wp\/v2\/pages\/95","targetHints":{"allow":["GET"]}}],"collection":[{"href":"https:\/\/laerke-reden.dk\/index.php\/wp-json\/wp\/v2\/pages"}],"about":[{"href":"https:\/\/laerke-reden.dk\/index.php\/wp-json\/wp\/v2\/types\/page"}],"author":[{"embeddable":true,"href":"https:\/\/laerke-reden.dk\/index.php\/wp-json\/wp\/v2\/users\/1"}],"replies":[{"embeddable":true,"href":"https:\/\/laerke-reden.dk\/index.php\/wp-json\/wp\/v2\/comments?post=95"}],"version-history":[{"count":2,"href":"https:\/\/laerke-reden.dk\/index.php\/wp-json\/wp\/v2\/pages\/95\/revisions"}],"predecessor-version":[{"id":127,"href":"https:\/\/laerke-reden.dk\/index.php\/wp-json\/wp\/v2\/pages\/95\/revisions\/127"}],"wp:featuredmedia":[{"embeddable":true,"href":"https:\/\/laerke-reden.dk\/index.php\/wp-json\/wp\/v2\/media\/156"}],"wp:attachment":[{"href":"https:\/\/laerke-reden.dk\/index.php\/wp-json\/wp\/v2\/media?parent=95"}],"curies":[{"name":"wp","href":"https:\/\/api.w.org\/{rel}","templated":true}]}}