{"id":96,"date":"2025-08-27T11:30:26","date_gmt":"2025-08-27T11:30:26","guid":{"rendered":"https:\/\/laerke-reden.dk\/?page_id=96"},"modified":"2025-08-28T11:36:47","modified_gmt":"2025-08-28T11:36:47","slug":"privat-pasning","status":"publish","type":"page","link":"https:\/\/laerke-reden.dk\/index.php\/privat-pasning\/","title":{"rendered":"Hvorfor v\u00e6lge privat pasning"},"content":{"rendered":"\n<p id=\"wnd_TextBlock_97298639_inner_1\"><strong>Det er jeres valg&nbsp;<\/strong><br>Det er et tilbud&nbsp;til jer, der selv \u00f8nsker at v\u00e6lge, hvor jeres barn skal v\u00e6re, n\u00e5r i arbejder. N\u00e5r man v\u00e6lger kommunal dagplejeplads, tildeles pladsen af kommunen.<\/p>\n\n\n\n<p id=\"wnd_TextBlock_97298639_inner_3\"><strong>Vi er godkendt af kommunen<\/strong><br>Private passere er godkendt af kommunen p\u00e5 samme vilk\u00e5r som en kommunal dagplejer. Der f\u00f8res ligeledes tilsyn med os, som hos en kommunal dagplejer, og der ydes ogs\u00e5 s\u00f8skenderabat.<\/p>\n\n\n\n<p id=\"wnd_TextBlock_97298639_inner_5\"><strong>Med udgangspunkt i jeres barns behov<\/strong><\/p>\n\n\n\n<ul id=\"wnd_TextBlock_97298639_inner_6\" class=\"wp-block-list\">\n<li>Tilrettel\u00e6gger vi selv hverdagen<\/li>\n\n\n\n<li>S\u00e6tter vi selv rammerne om pasningsordningen<\/li>\n<\/ul>\n\n\n\n<p id=\"wnd_TextBlock_97298639_inner_7\">Dette \u00f8ger min mulighed for at v\u00e6re fleksibel ift. jeres \u00f8nsker og behov. Jeg kan derfor g\u00f8re det meget frit for jer med individuel indk\u00f8ring, komme\/g\u00e5 tider, kost \u00f8nsker<\/p>\n\n\n\n<p id=\"wnd_TextBlock_97298639_inner_9\"><strong>Ingen g\u00e6steb\u00f8rn&nbsp;<\/strong><br>Vi modtager ikke g\u00e6steb\u00f8rn, hvilket er en stor fordel for b\u00e5de jer og jeres barn. Det mindsker risikoen for smitte, og det sikrer en rolig og forudsigelig hverdag for jeres barn. Jeres barn kan dermed heller ikke blive g\u00e6stebarn hos en anden dagplejer. G\u00e6steb\u00f8rn har behov for ekstra omsorg og opm\u00e6rksomhed, da hverdagen for dem pludselig er ukendt og helt anderledes. Vi kan dermed nyde vores egen oase af tryghed.<\/p>\n\n\n\n<p id=\"wnd_TextBlock_97298639_inner_11\"><strong>Mulighed for tidlig opskrivning<\/strong><br>I kan skrive jer op til en plads her hos L\u00e6rkereden, allerede mens jeres baby ligger og hygger sig i maven. Hos kommunen kan dette f\u00f8rst lade sig g\u00f8re den dag barnet er f\u00f8dt, og dermed kan en bestemt plads I \u00f8nsker, v\u00e6re blevet besat til anden side.<\/p>\n","protected":false},"excerpt":{"rendered":"<p>Det er jeres valg&nbsp;Det er et tilbud&nbsp;til jer, der selv \u00f8nsker at v\u00e6lge, hvor jeres barn skal v\u00e6re, n\u00e5r i arbejder. N\u00e5r man v\u00e6lger kommunal dagplejeplads, tildeles pladsen af kommunen. Vi er godkendt af kommunenPrivate passere er godkendt af kommunen p\u00e5 samme vilk\u00e5r som en kommunal dagplejer. Der f\u00f8res ligeledes tilsyn med os, som hos &hellip; <\/p>\n<p class=\"link-more\"><a href=\"https:\/\/laerke-reden.dk\/index.php\/privat-pasning\/\" class=\"more-link\">L\u00e6s videre<span class=\"screen-reader-text\"> &#8220;Hvorfor v\u00e6lge privat pasning&#8221;<\/span><\/a><\/p>\n","protected":false},"author":1,"featured_media":0,"parent":0,"menu_order":0,"comment_status":"closed","ping_status":"closed","template":"","meta":{"footnotes":""},"class_list":["post-96","page","type-page","status-publish","hentry"],"yoast_head":"<!-- This site is optimized with the Yoast SEO plugin v27.1.1 - https:\/\/yoast.com\/product\/yoast-seo-wordpress\/ -->\n<title>Hvorfor v\u00e6lge privat pasning - L&aelig;rkereden<\/title>\n<meta name=\"robots\" content=\"index, follow, max-snippet:-1, max-image-preview:large, max-video-preview:-1\" \/>\n<link rel=\"canonical\" href=\"https:\/\/laerke-reden.dk\/index.php\/privat-pasning\/\" \/>\n<meta property=\"og:locale\" content=\"da_DK\" \/>\n<meta property=\"og:type\" content=\"article\" \/>\n<meta property=\"og:title\" content=\"Hvorfor v\u00e6lge privat pasning - L&aelig;rkereden\" \/>\n<meta property=\"og:description\" content=\"Det er jeres valg&nbsp;Det er et tilbud&nbsp;til jer, der selv \u00f8nsker at v\u00e6lge, hvor jeres barn skal v\u00e6re, n\u00e5r i arbejder. N\u00e5r man v\u00e6lger kommunal dagplejeplads, tildeles pladsen af kommunen. Vi er godkendt af kommunenPrivate passere er godkendt af kommunen p\u00e5 samme vilk\u00e5r som en kommunal dagplejer. Der f\u00f8res ligeledes tilsyn med os, som hos &hellip; L\u00e6s videre &quot;Hvorfor v\u00e6lge privat pasning&quot;\" \/>\n<meta property=\"og:url\" content=\"https:\/\/laerke-reden.dk\/index.php\/privat-pasning\/\" \/>\n<meta property=\"og:site_name\" content=\"L&aelig;rkereden\" \/>\n<meta property=\"article:modified_time\" content=\"2025-08-28T11:36:47+00:00\" \/>\n<meta name=\"twitter:card\" content=\"summary_large_image\" \/>\n<meta name=\"twitter:label1\" content=\"Estimeret l\u00e6setid\" \/>\n\t<meta name=\"twitter:data1\" content=\"1 minut\" \/>\n<script type=\"application\/ld+json\" class=\"yoast-schema-graph\">{\"@context\":\"https:\/\/schema.org\",\"@graph\":[{\"@type\":\"WebPage\",\"@id\":\"https:\/\/laerke-reden.dk\/index.php\/privat-pasning\/\",\"url\":\"https:\/\/laerke-reden.dk\/index.php\/privat-pasning\/\",\"name\":\"Hvorfor v\u00e6lge privat pasning - L&aelig;rkereden\",\"isPartOf\":{\"@id\":\"http:\/\/laerke-reden.dk\/#website\"},\"datePublished\":\"2025-08-27T11:30:26+00:00\",\"dateModified\":\"2025-08-28T11:36:47+00:00\",\"breadcrumb\":{\"@id\":\"https:\/\/laerke-reden.dk\/index.php\/privat-pasning\/#breadcrumb\"},\"inLanguage\":\"da-DK\",\"potentialAction\":[{\"@type\":\"ReadAction\",\"target\":[\"https:\/\/laerke-reden.dk\/index.php\/privat-pasning\/\"]}]},{\"@type\":\"BreadcrumbList\",\"@id\":\"https:\/\/laerke-reden.dk\/index.php\/privat-pasning\/#breadcrumb\",\"itemListElement\":[{\"@type\":\"ListItem\",\"position\":1,\"name\":\"Hjem\",\"item\":\"http:\/\/laerke-reden.dk\/\"},{\"@type\":\"ListItem\",\"position\":2,\"name\":\"Hvorfor v\u00e6lge privat pasning\"}]},{\"@type\":\"WebSite\",\"@id\":\"http:\/\/laerke-reden.dk\/#website\",\"url\":\"http:\/\/laerke-reden.dk\/\",\"name\":\"L&aelig;rkereden\",\"description\":\"\",\"potentialAction\":[{\"@type\":\"SearchAction\",\"target\":{\"@type\":\"EntryPoint\",\"urlTemplate\":\"http:\/\/laerke-reden.dk\/?s={search_term_string}\"},\"query-input\":{\"@type\":\"PropertyValueSpecification\",\"valueRequired\":true,\"valueName\":\"search_term_string\"}}],\"inLanguage\":\"da-DK\"}]}<\/script>\n<!-- \/ Yoast SEO plugin. -->","yoast_head_json":{"title":"Hvorfor v\u00e6lge privat pasning - L&aelig;rkereden","robots":{"index":"index","follow":"follow","max-snippet":"max-snippet:-1","max-image-preview":"max-image-preview:large","max-video-preview":"max-video-preview:-1"},"canonical":"https:\/\/laerke-reden.dk\/index.php\/privat-pasning\/","og_locale":"da_DK","og_type":"article","og_title":"Hvorfor v\u00e6lge privat pasning - L&aelig;rkereden","og_description":"Det er jeres valg&nbsp;Det er et tilbud&nbsp;til jer, der selv \u00f8nsker at v\u00e6lge, hvor jeres barn skal v\u00e6re, n\u00e5r i arbejder. N\u00e5r man v\u00e6lger kommunal dagplejeplads, tildeles pladsen af kommunen. Vi er godkendt af kommunenPrivate passere er godkendt af kommunen p\u00e5 samme vilk\u00e5r som en kommunal dagplejer. Der f\u00f8res ligeledes tilsyn med os, som hos &hellip; L\u00e6s videre \"Hvorfor v\u00e6lge privat pasning\"","og_url":"https:\/\/laerke-reden.dk\/index.php\/privat-pasning\/","og_site_name":"L&aelig;rkereden","article_modified_time":"2025-08-28T11:36:47+00:00","twitter_card":"summary_large_image","twitter_misc":{"Estimeret l\u00e6setid":"1 minut"},"schema":{"@context":"https:\/\/schema.org","@graph":[{"@type":"WebPage","@id":"https:\/\/laerke-reden.dk\/index.php\/privat-pasning\/","url":"https:\/\/laerke-reden.dk\/index.php\/privat-pasning\/","name":"Hvorfor v\u00e6lge privat pasning - L&aelig;rkereden","isPartOf":{"@id":"http:\/\/laerke-reden.dk\/#website"},"datePublished":"2025-08-27T11:30:26+00:00","dateModified":"2025-08-28T11:36:47+00:00","breadcrumb":{"@id":"https:\/\/laerke-reden.dk\/index.php\/privat-pasning\/#breadcrumb"},"inLanguage":"da-DK","potentialAction":[{"@type":"ReadAction","target":["https:\/\/laerke-reden.dk\/index.php\/privat-pasning\/"]}]},{"@type":"BreadcrumbList","@id":"https:\/\/laerke-reden.dk\/index.php\/privat-pasning\/#breadcrumb","itemListElement":[{"@type":"ListItem","position":1,"name":"Hjem","item":"http:\/\/laerke-reden.dk\/"},{"@type":"ListItem","position":2,"name":"Hvorfor v\u00e6lge privat pasning"}]},{"@type":"WebSite","@id":"http:\/\/laerke-reden.dk\/#website","url":"http:\/\/laerke-reden.dk\/","name":"L&aelig;rkereden","description":"","potentialAction":[{"@type":"SearchAction","target":{"@type":"EntryPoint","urlTemplate":"http:\/\/laerke-reden.dk\/?s={search_term_string}"},"query-input":{"@type":"PropertyValueSpecification","valueRequired":true,"valueName":"search_term_string"}}],"inLanguage":"da-DK"}]}},"_links":{"self":[{"href":"https:\/\/laerke-reden.dk\/index.php\/wp-json\/wp\/v2\/pages\/96","targetHints":{"allow":["GET"]}}],"collection":[{"href":"https:\/\/laerke-reden.dk\/index.php\/wp-json\/wp\/v2\/pages"}],"about":[{"href":"https:\/\/laerke-reden.dk\/index.php\/wp-json\/wp\/v2\/types\/page"}],"author":[{"embeddable":true,"href":"https:\/\/laerke-reden.dk\/index.php\/wp-json\/wp\/v2\/users\/1"}],"replies":[{"embeddable":true,"href":"https:\/\/laerke-reden.dk\/index.php\/wp-json\/wp\/v2\/comments?post=96"}],"version-history":[{"count":3,"href":"https:\/\/laerke-reden.dk\/index.php\/wp-json\/wp\/v2\/pages\/96\/revisions"}],"predecessor-version":[{"id":129,"href":"https:\/\/laerke-reden.dk\/index.php\/wp-json\/wp\/v2\/pages\/96\/revisions\/129"}],"wp:attachment":[{"href":"https:\/\/laerke-reden.dk\/index.php\/wp-json\/wp\/v2\/media?parent=96"}],"curies":[{"name":"wp","href":"https:\/\/api.w.org\/{rel}","templated":true}]}}